{"id":1407,"date":"2023-07-05T15:23:41","date_gmt":"2023-07-05T15:23:41","guid":{"rendered":"https:\/\/www.banglearningframework.eu\/chi-siamo\/"},"modified":"2024-01-22T11:22:42","modified_gmt":"2024-01-22T11:22:42","slug":"chi-siamo","status":"publish","type":"page","link":"https:\/\/www.banglearningframework.eu\/it\/chi-siamo\/","title":{"rendered":"Chi siamo"},"content":{"rendered":"\n<h2 class=\"wp-block-heading\">Incontra il team di BANG!<\/h2>\n\n<p>Come team che ha sviluppato questo progetto, ci sentiamo incredibilmente fortunati per aver avuto l&#8217;opportunit\u00e0 di attingere a prospettive e background diversi, che hanno portato a un pensiero molto innovativo e a una comprensione completa delle sfide e delle opportunit\u00e0 nel campo dell&#8217;istruzione e dello sviluppo dei giovani, e di come realizzare il cambiamento che desideriamo vedere nel settore dell&#8217;istruzione.<\/p>\n\n<div class=\"wp-block-media-text alignwide is-stacked-on-mobile home_pillar\"><figure class=\"wp-block-media-text__media\"><img loading=\"lazy\" decoding=\"async\" width=\"1920\" height=\"1071\" src=\"https:\/\/www.banglearningframework.eu\/wp-content\/uploads\/KP_Facility-1-1920x1071.png\" alt=\"\" class=\"wp-image-1694 size-full\" srcset=\"https:\/\/www.banglearningframework.eu\/wp-content\/uploads\/KP_Facility-1-1920x1071.png 1920w, https:\/\/www.banglearningframework.eu\/wp-content\/uploads\/KP_Facility-1-737x411.png 737w, https:\/\/www.banglearningframework.eu\/wp-content\/uploads\/KP_Facility-1-768x428.png 768w, https:\/\/www.banglearningframework.eu\/wp-content\/uploads\/KP_Facility-1-1536x857.png 1536w, https:\/\/www.banglearningframework.eu\/wp-content\/uploads\/KP_Facility-1-2048x1142.png 2048w\" sizes=\"auto, (max-width: 1920px) 100vw, 1920px\" \/><\/figure><div class=\"wp-block-media-text__content\">\n<figure class=\"wp-block-image size-full is-resized\"><img loading=\"lazy\" decoding=\"async\" src=\"https:\/\/www.banglearningframework.eu\/wp-content\/uploads\/Kaospilot_Logo.png\" alt=\"\" class=\"wp-image-1613\" style=\"width:126px;height:23px\" width=\"126\" height=\"23\"\/><\/figure>\n\n\n\n<h3 class=\"wp-block-heading\">KAOSPILOT, Danimarca<\/h3>\n\n\n\n<p><strong>KAOSPILOT<\/strong> \u00e8 una rinomata scuola per la leadership creativa e l&#8217;imprenditorialit\u00e0 significativa, che fornisce ai leader emergenti le competenze e la mentalit\u00e0 necessarie per guidare un cambiamento d&#8217;impatto.<\/p>\n\n\n\n<p class=\"has-small-font-size\">Dal 1991, abbiamo permesso ad individui di navigare nell&#8217;incertezza, di sfruttare la propria creativit\u00e0 e di plasmare il futuro. I nostri programmi si concentrano sullo sviluppo delle conoscenze, delle competenze e delle attitudini necessarie ai leader per realizzare i loro valori e le loro visioni. Nel corso degli anni, abbiamo formato migliaia di insegnanti ed educatori alla leadership attraverso corsi professionali, visite nelle scuole e alumni che lavorano nel settore dell&#8217;istruzione.  <\/p>\n<\/div><\/div>\n\n<div class=\"wp-block-media-text alignwide is-stacked-on-mobile home_pillar\"><figure class=\"wp-block-media-text__media\"><img loading=\"lazy\" decoding=\"async\" width=\"1200\" height=\"546\" src=\"http:\/\/www.banglearningframework.eu\/wp-content\/uploads\/TBI_School.jpg\" alt=\"\" class=\"wp-image-1138 size-full\" srcset=\"https:\/\/www.banglearningframework.eu\/wp-content\/uploads\/TBI_School.jpg 1200w, https:\/\/www.banglearningframework.eu\/wp-content\/uploads\/TBI_School-737x335.jpg 737w, https:\/\/www.banglearningframework.eu\/wp-content\/uploads\/TBI_School-768x349.jpg 768w\" sizes=\"auto, (max-width: 1200px) 100vw, 1200px\" \/><\/figure><div class=\"wp-block-media-text__content\">\n<figure class=\"wp-block-image size-full\"><img loading=\"lazy\" decoding=\"async\" width=\"70\" height=\"70\" src=\"https:\/\/www.banglearningframework.eu\/wp-content\/uploads\/tbi_logo_70.png\" alt=\"\" class=\"wp-image-1143\"\/><\/figure>\n\n\n\n<h3 class=\"wp-block-heading\">The Big Idea, Irlanda<\/h3>\n\n\n\n<p><strong>The Big Idea<\/strong> \u00e8 un&#8217;azienda a scopo di lucro che si occupa di ispirare e mettere in grado gli studenti di affrontare i problemi sociali attraverso il pensiero critico e la risoluzione creativa dei problemi.<\/p>\n\n\n\n<p class=\"has-small-font-size\">La missione di The Big Idea \u00e8 democratizzare il pensiero creativo dei giovani per metterli in grado di creare soluzioni innovative ai problemi pi\u00f9 gravi del mondo. L&#8217;organizzazione opera a livello nazionale, concentrandosi sull&#8217;inclusione e fornendo accesso gratuito all&#8217;educazione creativa a studenti, insegnanti e scuole. The Big Idea mira a creare un programma equo e diversificato che abbia un impatto positivo su studenti, insegnanti e comunit\u00e0.   <\/p>\n<\/div><\/div>\n\n<div class=\"wp-block-media-text alignwide is-stacked-on-mobile home_pillar\"><figure class=\"wp-block-media-text__media\"><img loading=\"lazy\" decoding=\"async\" width=\"1200\" height=\"628\" src=\"http:\/\/www.banglearningframework.eu\/wp-content\/uploads\/polimi.jpg\" alt=\"\" class=\"wp-image-1174 size-full\" srcset=\"https:\/\/www.banglearningframework.eu\/wp-content\/uploads\/polimi.jpg 1200w, https:\/\/www.banglearningframework.eu\/wp-content\/uploads\/polimi-737x386.jpg 737w, https:\/\/www.banglearningframework.eu\/wp-content\/uploads\/polimi-768x402.jpg 768w\" sizes=\"auto, (max-width: 1200px) 100vw, 1200px\" \/><\/figure><div class=\"wp-block-media-text__content\">\n<figure class=\"wp-block-image size-full\"><img loading=\"lazy\" decoding=\"async\" width=\"92\" height=\"70\" src=\"https:\/\/www.banglearningframework.eu\/wp-content\/uploads\/polimi_logo-1.jpg\" alt=\"\" class=\"wp-image-1169\"\/><\/figure>\n\n\n\n<h3 class=\"wp-block-heading\">POLIMI (Politecnico di Milano), Italy<\/h3>\n\n\n\n<p>Il <strong>POLIMI<\/strong> \u00e8 un&#8217;universit\u00e0 rinomata per la sua eccellenza in architettura, design e ingegneria. Si colloca al 16\u00b0 posto a livello mondiale e al 6\u00b0 in Europa per le universit\u00e0 di ingegneria e tecniche. <\/p>\n\n\n\n<p class=\"has-small-font-size\">Con sedi a Milano e in tutta la Lombardia, l&#8217;universit\u00e0 offre programmi innovativi a tutti i livelli, attirando una comunit\u00e0 eterogenea di studenti provenienti da oltre 100 Paesi. Il Politecnico di Milano pone l&#8217;accento sull&#8217;integrazione tra insegnamento e ricerca, conducendo ricerche strategiche in vari campi. L&#8217;universit\u00e0 vanta strutture all&#8217;avanguardia, tra cui laboratori per test nella galleria del vento, crash test, micro e nano produzione e nuovi processi di progettazione.  <\/p>\n<\/div><\/div>\n\n<div class=\"wp-block-media-text alignwide is-stacked-on-mobile home_pillar\"><figure class=\"wp-block-media-text__media\"><img loading=\"lazy\" decoding=\"async\" width=\"576\" height=\"366\" src=\"http:\/\/www.banglearningframework.eu\/wp-content\/uploads\/croatia.jpg\" alt=\"\" class=\"wp-image-1157 size-full\"\/><\/figure><div class=\"wp-block-media-text__content\">\n<figure class=\"wp-block-image size-full\"><img loading=\"lazy\" decoding=\"async\" width=\"176\" height=\"70\" src=\"https:\/\/www.banglearningframework.eu\/wp-content\/uploads\/croatia_logo_small.png\" alt=\"\" class=\"wp-image-1151\"\/><\/figure>\n\n\n\n<h3 class=\"wp-block-heading\">Scuola secondaria di agricoltura e silvicoltura di Vinkovci, Croazia<\/h3>\n\n\n\n<p>La <strong>Scuola secondaria di agricoltura e silvicoltura di Vinkovci<\/strong>, fondata nel 1946, si trova nella citt\u00e0 di Vinkovci, in Croazia. L&#8217;istituto offre un&#8217;istruzione specializzata per i settori agricolo e forestale. <\/p>\n\n\n\n<p class=\"has-small-font-size\">Gli studenti possono usufruire di una serie di corsi di formazione, tra cui produzione di piante, agricoltura, allevamento di bestiame, frutticoltura e viticoltura, floricoltura, giardinaggio, silvicoltura e macchine agricole. L&#8217;impegno della scuola nei confronti della produzione ecologica e delle fonti energetiche sostenibili le ha fatto guadagnare lo status di scuola ecologica. <\/p>\n\n\n\n<p class=\"has-small-font-size\">La Scuola secondaria di agricoltura e silvicoltura di Vinkovci si impegna attivamente in progetti volti a implementare nuovi programmi di studio, migliorare le infrastrutture (come i sistemi di irrigazione) e promuovere l&#8217;imprenditorialit\u00e0 nel settore agricolo.<\/p>\n<\/div><\/div>\n\n<div class=\"wp-block-media-text alignwide is-stacked-on-mobile home_pillar\"><figure class=\"wp-block-media-text__media\"><img loading=\"lazy\" decoding=\"async\" width=\"1655\" height=\"931\" src=\"https:\/\/www.banglearningframework.eu\/wp-content\/uploads\/Agrinio_School_DEF.jpg\" alt=\"\" class=\"wp-image-1707 size-full\" srcset=\"https:\/\/www.banglearningframework.eu\/wp-content\/uploads\/Agrinio_School_DEF.jpg 1655w, https:\/\/www.banglearningframework.eu\/wp-content\/uploads\/Agrinio_School_DEF-737x415.jpg 737w, https:\/\/www.banglearningframework.eu\/wp-content\/uploads\/Agrinio_School_DEF-768x432.jpg 768w, https:\/\/www.banglearningframework.eu\/wp-content\/uploads\/Agrinio_School_DEF-1536x864.jpg 1536w\" sizes=\"auto, (max-width: 1655px) 100vw, 1655px\" \/><\/figure><div class=\"wp-block-media-text__content\">\n<figure class=\"wp-block-image size-full\"><img loading=\"lazy\" decoding=\"async\" width=\"82\" height=\"70\" src=\"https:\/\/www.banglearningframework.eu\/wp-content\/uploads\/agrinio_logo.png\" alt=\"\" class=\"wp-image-1131\"\/><\/figure>\n\n\n\n<h3 class=\"wp-block-heading\">5\u00aa Scuola superiore di Agrinio, Grecia<\/h3>\n\n\n\n<p>La <strong>5\u00aa Scuola superiore di Agrinio<\/strong> \u00e8 un&#8217;istituzione educativa pubblica e vivace che pone l&#8217;accento sull&#8217;eccellenza accademica, la competenza tecnologica, la consapevolezza culturale e la coscienza ambientale, fornendo un&#8217;educazione a tutto tondo ai suoi studenti.<\/p>\n\n\n\n<p class=\"has-small-font-size\">Con una forte attenzione alla tecnologia, la scuola ha partecipato attivamente a progetti tecnologici legati alla robotica educativa e alla programmazione. Collabora con la Hellenic Open University e offre lezioni di programmazione e corsi su microcontrollori come Arduino. La scuola partecipa attivamente a progetti Comenius ed Erasmus+, oltre che ad altre iniziative educative culturali e ambientali.  <\/p>\n<\/div><\/div>\n","protected":false},"excerpt":{"rendered":"<p>Incontra il team di BANG! Come team che ha sviluppato questo progetto, ci sentiamo incredibilmente fortunati per aver avuto l&#8217;opportunit\u00e0 di attingere a prospettive e background diversi, che hanno portato a un pensiero molto innovativo e a una comprensione completa delle sfide e delle opportunit\u00e0 nel campo dell&#8217;istruzione e dello sviluppo dei giovani, e di [&hellip;]<\/p>\n","protected":false},"author":3,"featured_media":0,"parent":0,"menu_order":0,"comment_status":"closed","ping_status":"closed","template":"","meta":{"footnotes":""},"class_list":["post-1407","page","type-page","status-publish","hentry"],"_links":{"self":[{"href":"https:\/\/www.banglearningframework.eu\/it\/wp-json\/wp\/v2\/pages\/1407","targetHints":{"allow":["GET"]}}],"collection":[{"href":"https:\/\/www.banglearningframework.eu\/it\/wp-json\/wp\/v2\/pages"}],"about":[{"href":"https:\/\/www.banglearningframework.eu\/it\/wp-json\/wp\/v2\/types\/page"}],"author":[{"embeddable":true,"href":"https:\/\/www.banglearningframework.eu\/it\/wp-json\/wp\/v2\/users\/3"}],"replies":[{"embeddable":true,"href":"https:\/\/www.banglearningframework.eu\/it\/wp-json\/wp\/v2\/comments?post=1407"}],"version-history":[{"count":11,"href":"https:\/\/www.banglearningframework.eu\/it\/wp-json\/wp\/v2\/pages\/1407\/revisions"}],"predecessor-version":[{"id":2189,"href":"https:\/\/www.banglearningframework.eu\/it\/wp-json\/wp\/v2\/pages\/1407\/revisions\/2189"}],"wp:attachment":[{"href":"https:\/\/www.banglearningframework.eu\/it\/wp-json\/wp\/v2\/media?parent=1407"}],"curies":[{"name":"wp","href":"https:\/\/api.w.org\/{rel}","templated":true}]}}