{"id":1415,"date":"2023-07-05T15:23:41","date_gmt":"2023-07-05T15:23:41","guid":{"rendered":"https:\/\/www.banglearningframework.eu\/tko-smo-mi\/"},"modified":"2024-01-12T16:12:44","modified_gmt":"2024-01-12T16:12:44","slug":"tko-smo-mi","status":"publish","type":"page","link":"https:\/\/www.banglearningframework.eu\/hr\/tko-smo-mi\/","title":{"rendered":"Tko smo mi"},"content":{"rendered":"\n<h2 class=\"wp-block-heading\">Upoznajte BANG! tim<\/h2>\n\n<p>Kao tim koji stoji iza razvoja ovog projekta, osje\u0107amo se nevjerojatno sretnim \u0161to smo imali priliku osloniti se na na\u0161e razli\u010dite perspektive i pozadinu \u0161to je na kraju donijelo vrlo inovativno razmi\u0161ljanje i sveobuhvatno razumijevanje izazova i prilika u obrazovanju i razvoju mladih \u2013 i kako donijeti promjenu koju \u017eelimo vidjeti u obrazovnom polju.<\/p>\n\n<div class=\"wp-block-media-text alignwide is-stacked-on-mobile home_pillar\"><figure class=\"wp-block-media-text__media\"><img loading=\"lazy\" decoding=\"async\" width=\"1920\" height=\"1071\" src=\"https:\/\/www.banglearningframework.eu\/wp-content\/uploads\/KP_Facility-1-1920x1071.png\" alt=\"\" class=\"wp-image-1694 size-full\" srcset=\"https:\/\/www.banglearningframework.eu\/wp-content\/uploads\/KP_Facility-1-1920x1071.png 1920w, https:\/\/www.banglearningframework.eu\/wp-content\/uploads\/KP_Facility-1-737x411.png 737w, https:\/\/www.banglearningframework.eu\/wp-content\/uploads\/KP_Facility-1-768x428.png 768w, https:\/\/www.banglearningframework.eu\/wp-content\/uploads\/KP_Facility-1-1536x857.png 1536w, https:\/\/www.banglearningframework.eu\/wp-content\/uploads\/KP_Facility-1-2048x1142.png 2048w\" sizes=\"auto, (max-width: 1920px) 100vw, 1920px\" \/><\/figure><div class=\"wp-block-media-text__content\">\n<figure class=\"wp-block-image size-full is-resized\"><img loading=\"lazy\" decoding=\"async\" src=\"https:\/\/www.banglearningframework.eu\/wp-content\/uploads\/Kaospilot_Logo.png\" alt=\"\" class=\"wp-image-1613\" style=\"width:126px;height:23px\" width=\"126\" height=\"23\"\/><\/figure>\n\n\n\n<h3 class=\"wp-block-heading\">KAOSPILOT, Danska<\/h3>\n\n\n\n<p><strong>KAOSPILOT<\/strong> je renomirana \u0161kola za kreativno vodstvo i smisleno poduzetni\u0161tvo, koja lidere u usponu osposobljava vje\u0161tinama i na\u010dinom razmi\u0161ljanja za poticanje utjecajnih promjena.<\/p>\n\n\n\n<p class=\"has-small-font-size\">Od 1991. osna\u017eujemo pojedince da se nose s neizvjesno\u0161\u0107u, iskoriste svoju kreativnost i oblikuju budu\u0107nost. Na\u0161i programi usmjereni su na razvijanje znanja, vje\u0161tina i stavova koji su potrebni liderima da ispune svoje vrijednosti i vizije. Tijekom godina obu\u010dili smo tisu\u0107e u\u010ditelja i nastavnika za vodstvo kroz stru\u010dne te\u010dajeve, posjete \u0161kolama i biv\u0161e studente koji rade u obrazovnom sektoru.  <\/p>\n<\/div><\/div>\n\n<div class=\"wp-block-media-text alignwide is-stacked-on-mobile home_pillar\"><figure class=\"wp-block-media-text__media\"><img loading=\"lazy\" decoding=\"async\" width=\"1200\" height=\"546\" src=\"http:\/\/www.banglearningframework.eu\/wp-content\/uploads\/TBI_School.jpg\" alt=\"\" class=\"wp-image-1138 size-full\" srcset=\"https:\/\/www.banglearningframework.eu\/wp-content\/uploads\/TBI_School.jpg 1200w, https:\/\/www.banglearningframework.eu\/wp-content\/uploads\/TBI_School-737x335.jpg 737w, https:\/\/www.banglearningframework.eu\/wp-content\/uploads\/TBI_School-768x349.jpg 768w\" sizes=\"auto, (max-width: 1200px) 100vw, 1200px\" \/><\/figure><div class=\"wp-block-media-text__content\">\n<figure class=\"wp-block-image size-full\"><img loading=\"lazy\" decoding=\"async\" width=\"70\" height=\"70\" src=\"https:\/\/www.banglearningframework.eu\/wp-content\/uploads\/tbi_logo_70.png\" alt=\"\" class=\"wp-image-1143\"\/><\/figure>\n\n\n\n<h3 class=\"wp-block-heading\">The Big Idea, Irska<\/h3>\n\n\n\n<p><strong>The Big Idea<\/strong> je tvrtka za profit za svrhu usmjerena na inspiriranje i osna\u017eivanje studenata da se bave dru\u0161tvenim problemima kroz kriti\u010dko razmi\u0161ljanje i kreativno rje\u0161avanje problema.<\/p>\n\n\n\n<p class=\"has-small-font-size\">The Big Idea ima stru\u010dnost u razli\u010ditim relevantnim podru\u010djima, uklju\u010duju\u0107i dizajnersko razmi\u0161ljanje, poduzetni\u0161tvo, brendiranje i obrazovanje. Misija Big Idea je demokratizirati kreativno razmi\u0161ljanje za mlade ljude kako bi ih osna\u017eili za stvaranje inovativnih rje\u0161enja za najve\u0107e svjetske probleme. Organizacija djeluje na nacionalnoj razini, s fokusom na uklju\u010divanje i pru\u017eanje besplatnog pristupa kreativnom obrazovanju za u\u010denike, nastavnike i \u0161kole. Velika ideja ima za cilj stvoriti pravi\u010dan i raznolik program koji pozitivno utje\u010de na u\u010denike, nastavnike i zajednice.  <\/p>\n<\/div><\/div>\n\n<div class=\"wp-block-media-text alignwide is-stacked-on-mobile home_pillar\"><figure class=\"wp-block-media-text__media\"><img loading=\"lazy\" decoding=\"async\" width=\"1200\" height=\"628\" src=\"http:\/\/www.banglearningframework.eu\/wp-content\/uploads\/polimi.jpg\" alt=\"\" class=\"wp-image-1174 size-full\" srcset=\"https:\/\/www.banglearningframework.eu\/wp-content\/uploads\/polimi.jpg 1200w, https:\/\/www.banglearningframework.eu\/wp-content\/uploads\/polimi-737x386.jpg 737w, https:\/\/www.banglearningframework.eu\/wp-content\/uploads\/polimi-768x402.jpg 768w\" sizes=\"auto, (max-width: 1200px) 100vw, 1200px\" \/><\/figure><div class=\"wp-block-media-text__content\">\n<figure class=\"wp-block-image size-full\"><img loading=\"lazy\" decoding=\"async\" width=\"92\" height=\"70\" src=\"https:\/\/www.banglearningframework.eu\/wp-content\/uploads\/polimi_logo-1.jpg\" alt=\"\" class=\"wp-image-1169\"\/><\/figure>\n\n\n\n<h3 class=\"wp-block-heading\">POLIMI (Politecnico di Milano), Italija<\/h3>\n\n\n\n<p><strong>POLIMI<\/strong> je sveu\u010dili\u0161te poznato po svojoj izvrsnosti u arhitekturi, dizajnu i in\u017eenjerstvu. Nalazi se na 16. mjestu u svijetu i 6. u Europi za in\u017eenjerska i tehni\u010dka sveu\u010dili\u0161ta. <\/p>\n\n\n\n<p class=\"has-small-font-size\">S kampusima u Milanu i prostorima diljem Lombardije, sveu\u010dili\u0161te nudi inovativne programe na svim razinama, privla\u010de\u0107i raznoliku zajednicu studenata iz preko 100 zemalja. Politecnico di Milano nagla\u0161ava integraciju nastave i istra\u017eivanja, provode\u0107i strate\u0161ka istra\u017eivanja u razli\u010ditim podru\u010djima. Sveu\u010dili\u0161te se mo\u017ee pohvaliti vrhunskim objektima, uklju\u010duju\u0107i laboratorije za testiranje u zra\u010dnom tunelu, testove sudara, mikro i nano proizvodnju i nove procese dizajna.  <\/p>\n<\/div><\/div>\n\n<div class=\"wp-block-media-text alignwide is-stacked-on-mobile home_pillar\"><figure class=\"wp-block-media-text__media\"><img loading=\"lazy\" decoding=\"async\" width=\"576\" height=\"366\" src=\"http:\/\/www.banglearningframework.eu\/wp-content\/uploads\/croatia.jpg\" alt=\"\" class=\"wp-image-1157 size-full\"\/><\/figure><div class=\"wp-block-media-text__content\">\n<figure class=\"wp-block-image size-full\"><img loading=\"lazy\" decoding=\"async\" width=\"176\" height=\"70\" src=\"https:\/\/www.banglearningframework.eu\/wp-content\/uploads\/croatia_logo_small.png\" alt=\"\" class=\"wp-image-1151\"\/><\/figure>\n\n\n\n<h3 class=\"wp-block-heading\">Poljoprivredno \u0161umarska \u0161kola Vinkovci, Hrvatska<\/h3>\n\n\n\n<p><strong>Srednja poljoprivredno-\u0161umarska \u0161kola Vinkovci<\/strong>, osnovana 1946. godine, nalazi se u gradu Vinkovcima, Hrvatska. Ustanova nudi specijalizirano obrazovanje prilago\u0111eno sektorima poljoprivrede i \u0161umarstva. <\/p>\n\n\n\n<p class=\"has-small-font-size\">U\u010denici imaju koristi od niza podru\u010dja obrazovanja, uklju\u010duju\u0107i biljnu proizvodnju, poljoprivredu, uzgoj stoke, vo\u0107arstvo i vinogradarstvo, cvje\u0107arstvo, vrtlarstvo, \u0161umarstvo i poljoprivrednu mehanizaciju. Opredijeljenost \u0161kole za ekolo\u0161ku proizvodnju i odr\u017eive izvore energije priskrbila joj je status eko \u0161kole. <\/p>\n\n\n\n<p class=\"has-small-font-size\">Srednja Poljoprivredno \u0161umarska \u0161kola Vinkovci aktivno sudjeluje u projektima uvo\u0111enja novih nastavnih planova i programa, pobolj\u0161anja infrastrukture (poput sustava navodnjavanja) i poticanja poduzetni\u0161tva u poljoprivredi.<\/p>\n<\/div><\/div>\n\n<div class=\"wp-block-media-text alignwide is-stacked-on-mobile home_pillar\"><figure class=\"wp-block-media-text__media\"><img loading=\"lazy\" decoding=\"async\" width=\"1655\" height=\"931\" src=\"https:\/\/www.banglearningframework.eu\/wp-content\/uploads\/Agrinio_School_DEF.jpg\" alt=\"\" class=\"wp-image-1707 size-full\" srcset=\"https:\/\/www.banglearningframework.eu\/wp-content\/uploads\/Agrinio_School_DEF.jpg 1655w, https:\/\/www.banglearningframework.eu\/wp-content\/uploads\/Agrinio_School_DEF-737x415.jpg 737w, https:\/\/www.banglearningframework.eu\/wp-content\/uploads\/Agrinio_School_DEF-768x432.jpg 768w, https:\/\/www.banglearningframework.eu\/wp-content\/uploads\/Agrinio_School_DEF-1536x864.jpg 1536w\" sizes=\"auto, (max-width: 1655px) 100vw, 1655px\" \/><\/figure><div class=\"wp-block-media-text__content\">\n<figure class=\"wp-block-image size-full\"><img loading=\"lazy\" decoding=\"async\" width=\"82\" height=\"70\" src=\"https:\/\/www.banglearningframework.eu\/wp-content\/uploads\/agrinio_logo.png\" alt=\"\" class=\"wp-image-1131\"\/><\/figure>\n\n\n\n<h3 class=\"wp-block-heading\">5th Senior High School of Agrinio, Gr\u010dka<\/h3>\n\n\n\n<p><strong>5th Senior High School of Agrinio<\/strong> je javna, \u017eivahna obrazovna ustanova koja nagla\u0161ava akademsku izvrsnost, tehnolo\u0161ku stru\u010dnost, kulturnu svijest i ekolo\u0161ku svijest, pru\u017eaju\u0107i dobro zaokru\u017eeno obrazovanje za svoje u\u010denike.<\/p>\n\n\n\n<p class=\"has-small-font-size\">S jakim fokusom na tehnologiju, \u0161kola je aktivno sudjelovala u tehnolo\u0161kim projektima vezanim uz obrazovnu robotiku i programiranje. Sura\u0111uje s Hellenic Open University i nudi satove programiranja i te\u010dajeve o mikrokontrolerima kao \u0161to je Arduino. \u0160kola aktivno sudjeluje u Comenius i Erasmus+ projektima, kao i drugim kulturnim i ekolo\u0161kim obrazovnim inicijativama.  <\/p>\n<\/div><\/div>\n","protected":false},"excerpt":{"rendered":"<p>Upoznajte BANG! tim Kao tim koji stoji iza razvoja ovog projekta, osje\u0107amo se nevjerojatno sretnim \u0161to smo imali priliku osloniti se na na\u0161e razli\u010dite perspektive i pozadinu \u0161to je na kraju donijelo vrlo inovativno razmi\u0161ljanje i sveobuhvatno razumijevanje izazova i prilika u obrazovanju i razvoju mladih \u2013 i kako donijeti promjenu koju \u017eelimo vidjeti u [&hellip;]<\/p>\n","protected":false},"author":3,"featured_media":0,"parent":0,"menu_order":0,"comment_status":"closed","ping_status":"closed","template":"","meta":{"footnotes":""},"class_list":["post-1415","page","type-page","status-publish","hentry"],"_links":{"self":[{"href":"https:\/\/www.banglearningframework.eu\/hr\/wp-json\/wp\/v2\/pages\/1415","targetHints":{"allow":["GET"]}}],"collection":[{"href":"https:\/\/www.banglearningframework.eu\/hr\/wp-json\/wp\/v2\/pages"}],"about":[{"href":"https:\/\/www.banglearningframework.eu\/hr\/wp-json\/wp\/v2\/types\/page"}],"author":[{"embeddable":true,"href":"https:\/\/www.banglearningframework.eu\/hr\/wp-json\/wp\/v2\/users\/3"}],"replies":[{"embeddable":true,"href":"https:\/\/www.banglearningframework.eu\/hr\/wp-json\/wp\/v2\/comments?post=1415"}],"version-history":[{"count":11,"href":"https:\/\/www.banglearningframework.eu\/hr\/wp-json\/wp\/v2\/pages\/1415\/revisions"}],"predecessor-version":[{"id":1752,"href":"https:\/\/www.banglearningframework.eu\/hr\/wp-json\/wp\/v2\/pages\/1415\/revisions\/1752"}],"wp:attachment":[{"href":"https:\/\/www.banglearningframework.eu\/hr\/wp-json\/wp\/v2\/media?parent=1415"}],"curies":[{"name":"wp","href":"https:\/\/api.w.org\/{rel}","templated":true}]}}