{"id":1411,"date":"2023-07-05T15:23:41","date_gmt":"2023-07-05T15:23:41","guid":{"rendered":"https:\/\/www.banglearningframework.eu\/hvem-vi-er\/"},"modified":"2024-01-12T10:48:47","modified_gmt":"2024-01-12T10:48:47","slug":"hvem-vi-er","status":"publish","type":"page","link":"https:\/\/www.banglearningframework.eu\/da\/hvem-vi-er\/","title":{"rendered":"HVEM VI ER"},"content":{"rendered":"\n<h2 class=\"wp-block-heading\">M\u00f8d BANG!-teamet<\/h2>\n\n<p>Som team bag udviklingen af dette projekt f\u00f8ler vi os utroligt heldige over at have haft muligheden for at tr\u00e6kke p\u00e5 vores forskellige perspektiver og baggrunde, hvilket har f\u00f8rt til meget innovativ t\u00e6nkning og en omfattende forst\u00e5else af udfordringer og muligheder inden for uddannelse og ungdomsudvikling \u2013 og hvordan vi kan skabe den forandring, vi \u00f8nsker at se inden for uddannelsesfeltet.<\/p>\n\n<div class=\"wp-block-media-text alignwide is-stacked-on-mobile home_pillar\"><figure class=\"wp-block-media-text__media\"><img loading=\"lazy\" decoding=\"async\" width=\"1920\" height=\"1071\" src=\"https:\/\/www.banglearningframework.eu\/wp-content\/uploads\/KP_Facility-1-1920x1071.png\" alt=\"\" class=\"wp-image-1694 size-full\" srcset=\"https:\/\/www.banglearningframework.eu\/wp-content\/uploads\/KP_Facility-1-1920x1071.png 1920w, https:\/\/www.banglearningframework.eu\/wp-content\/uploads\/KP_Facility-1-737x411.png 737w, https:\/\/www.banglearningframework.eu\/wp-content\/uploads\/KP_Facility-1-768x428.png 768w, https:\/\/www.banglearningframework.eu\/wp-content\/uploads\/KP_Facility-1-1536x857.png 1536w, https:\/\/www.banglearningframework.eu\/wp-content\/uploads\/KP_Facility-1-2048x1142.png 2048w\" sizes=\"auto, (max-width: 1920px) 100vw, 1920px\" \/><\/figure><div class=\"wp-block-media-text__content\">\n<figure class=\"wp-block-image size-full is-resized\"><img loading=\"lazy\" decoding=\"async\" src=\"https:\/\/www.banglearningframework.eu\/wp-content\/uploads\/Kaospilot_Logo.png\" alt=\"\" class=\"wp-image-1613\" style=\"width:126px;height:23px\" width=\"126\" height=\"23\"\/><\/figure>\n\n\n\n<h3 class=\"wp-block-heading\">KAOSPILOT, Danmark<\/h3>\n\n\n\n<p><strong>KAOSPILOT<\/strong> er en anerkendt skole for kreativ ledelse og meningsfuld iv\u00e6rks\u00e6tteri, der rustner kommende ledere med f\u00e6rdigheder og mindset til at drive meningsfuld forandring.<\/p>\n\n\n\n<p class=\"has-small-font-size\">Siden 1991 har vi givet individer redskaber er og motivation at navigere i usikkerhed, udnytte deres kreativitet og forme fremtiden. Vores kurser og uddannelse fokuserer p\u00e5 at udvikle den viden, f\u00e6rdigheder og holdninger, der er n\u00f8dvendige for, at ledere kan realisere deres v\u00e6rdier og visioner. Gennem \u00e5rene har vi uddannet tusindvis af l\u00e6rere og p\u00e6dagoger i ledelse gennem professionelle kurser, skolebes\u00f8g og vores tidligere studerende, der arbejder inden for uddannelsessektoren.  <\/p>\n<\/div><\/div>\n\n<div class=\"wp-block-media-text alignwide is-stacked-on-mobile home_pillar\"><figure class=\"wp-block-media-text__media\"><img loading=\"lazy\" decoding=\"async\" width=\"1200\" height=\"546\" src=\"http:\/\/www.banglearningframework.eu\/wp-content\/uploads\/TBI_School.jpg\" alt=\"\" class=\"wp-image-1138 size-full\" srcset=\"https:\/\/www.banglearningframework.eu\/wp-content\/uploads\/TBI_School.jpg 1200w, https:\/\/www.banglearningframework.eu\/wp-content\/uploads\/TBI_School-737x335.jpg 737w, https:\/\/www.banglearningframework.eu\/wp-content\/uploads\/TBI_School-768x349.jpg 768w\" sizes=\"auto, (max-width: 1200px) 100vw, 1200px\" \/><\/figure><div class=\"wp-block-media-text__content\">\n<figure class=\"wp-block-image size-full\"><img loading=\"lazy\" decoding=\"async\" width=\"70\" height=\"70\" src=\"https:\/\/www.banglearningframework.eu\/wp-content\/uploads\/tbi_logo_70.png\" alt=\"\" class=\"wp-image-1143\"\/><\/figure>\n\n\n\n<h3 class=\"wp-block-heading\">The Big Idea, Irland<\/h3>\n\n\n\n<p><strong>The Big Idea<\/strong> er en profit for form\u00e5l-virksomhed med fokus p\u00e5 at inspirere og motivere studerende til at tackle sociale problemer gennem kritisk t\u00e6nkning og kreativ probleml\u00f8sning.<\/p>\n\n\n\n<p class=\"has-small-font-size\">The Big Idea har ekspertise inden for forskellige relevante omr\u00e5der, herunder designt\u00e6nkning, iv\u00e6rks\u00e6tteri, branding og uddannelse. The Big Idea har ekspertise inden for forskellige relevante omr\u00e5der, herunder design t\u00e6nkning, iv\u00e6rks\u00e6tteri, branding og uddannelse. The Big Ideas mission er at demokratisere kreativ t\u00e6nkning for unge for at motivere dem til at skabe innovative l\u00f8sninger p\u00e5 verdens st\u00f8rste problemer. Organisationen opererer nationalt med fokus p\u00e5 inklusion og gratis adgang til kreativ uddannelse for studerende, l\u00e6rere og skoler. The Big Idea sigter mod at skabe et retf\u00e6rdigt og mangfoldigt program, der positivt p\u00e5virker studerende, l\u00e6rere og lokalsamfund.  <\/p>\n<\/div><\/div>\n\n<div class=\"wp-block-media-text alignwide is-stacked-on-mobile home_pillar\"><figure class=\"wp-block-media-text__media\"><img loading=\"lazy\" decoding=\"async\" width=\"1200\" height=\"628\" src=\"http:\/\/www.banglearningframework.eu\/wp-content\/uploads\/polimi.jpg\" alt=\"\" class=\"wp-image-1174 size-full\" srcset=\"https:\/\/www.banglearningframework.eu\/wp-content\/uploads\/polimi.jpg 1200w, https:\/\/www.banglearningframework.eu\/wp-content\/uploads\/polimi-737x386.jpg 737w, https:\/\/www.banglearningframework.eu\/wp-content\/uploads\/polimi-768x402.jpg 768w\" sizes=\"auto, (max-width: 1200px) 100vw, 1200px\" \/><\/figure><div class=\"wp-block-media-text__content\">\n<figure class=\"wp-block-image size-full\"><img loading=\"lazy\" decoding=\"async\" width=\"92\" height=\"70\" src=\"https:\/\/www.banglearningframework.eu\/wp-content\/uploads\/polimi_logo-1.jpg\" alt=\"\" class=\"wp-image-1169\"\/><\/figure>\n\n\n\n<h3 class=\"wp-block-heading\">POLIMI (Politecnico di Milano), Italien<\/h3>\n\n\n\n<p><strong>POLIMI<\/strong> er et universitet kendt for sin fremragende inden for arkitektur, design og ingeni\u00f8rvirksomhed. Det rangerer som nr. 16 globalt og som nr. 6 i Europa blandt ingeni\u00f8ruddannelser. <\/p>\n\n\n\n<p class=\"has-small-font-size\">Med campusser i Milano og faciliteter i hele Lombardiet tilbyder universitetet innovative programmer p\u00e5 alle niveauer og tiltr\u00e6kker en mangfoldig studentergruppe fra over 100 lande. Politecnico di Milano l\u00e6gger v\u00e6gt p\u00e5 integrationen af undervisning og forskning og udf\u00f8rer strategisk forskning inden for forskellige felter. Universitetet har topmoderne faciliteter, herunder laboratorier til vindtunneltest, kollisionstest, mikro- og nanoproduktion samt nye designprocesser.  <\/p>\n<\/div><\/div>\n\n<div class=\"wp-block-media-text alignwide is-stacked-on-mobile home_pillar\"><figure class=\"wp-block-media-text__media\"><img loading=\"lazy\" decoding=\"async\" width=\"576\" height=\"366\" src=\"http:\/\/www.banglearningframework.eu\/wp-content\/uploads\/croatia.jpg\" alt=\"\" class=\"wp-image-1157 size-full\"\/><\/figure><div class=\"wp-block-media-text__content\">\n<figure class=\"wp-block-image size-full\"><img loading=\"lazy\" decoding=\"async\" width=\"176\" height=\"70\" src=\"https:\/\/www.banglearningframework.eu\/wp-content\/uploads\/croatia_logo_small.png\" alt=\"\" class=\"wp-image-1151\"\/><\/figure>\n\n\n\n<h3 class=\"wp-block-heading\">Secondary School of Agriculture and Forestry of Vinkovci, Kroatien<\/h3>\n\n\n\n<p><strong>Landbrugs- og skovbrugsskolen i Vinkovci <\/strong>, grundlagt i 1946, ligger i byen Vinkovci, Kroatien. Institutionen tilbyder specialiseret uddannelse tilpasset landbrugs- og skovbrugssektorerne. <\/p>\n\n\n\n<p class=\"has-small-font-size\">Studerende drager fordel af en r\u00e6kke tr\u00e6ningsomr\u00e5der, herunder planteavl, landbrug, kv\u00e6gavl, frugt- og vinavl, blomsterdyrkning, havebrug, skovbrug og landbrugsmaskiner. Skolens engagement i \u00f8kologisk produktion og b\u00e6redygtige energikilder har givet den status som en \u00f8koskole. <\/p>\n\n\n\n<p class=\"has-small-font-size\">Secondary School of Agriculture and Forestry Vinkovci deltager aktivt i projekter, der sigter mod at implementere nye l\u00e6seplaner, forbedre infrastrukturen (s\u00e5som vandingssystemer) og fremme iv\u00e6rks\u00e6tteri inden for landbrug.<\/p>\n<\/div><\/div>\n\n<div class=\"wp-block-media-text alignwide is-stacked-on-mobile home_pillar\"><figure class=\"wp-block-media-text__media\"><img loading=\"lazy\" decoding=\"async\" width=\"1655\" height=\"931\" src=\"https:\/\/www.banglearningframework.eu\/wp-content\/uploads\/Agrinio_School_DEF.jpg\" alt=\"\" class=\"wp-image-1707 size-full\" srcset=\"https:\/\/www.banglearningframework.eu\/wp-content\/uploads\/Agrinio_School_DEF.jpg 1655w, https:\/\/www.banglearningframework.eu\/wp-content\/uploads\/Agrinio_School_DEF-737x415.jpg 737w, https:\/\/www.banglearningframework.eu\/wp-content\/uploads\/Agrinio_School_DEF-768x432.jpg 768w, https:\/\/www.banglearningframework.eu\/wp-content\/uploads\/Agrinio_School_DEF-1536x864.jpg 1536w\" sizes=\"auto, (max-width: 1655px) 100vw, 1655px\" \/><\/figure><div class=\"wp-block-media-text__content\">\n<figure class=\"wp-block-image size-full\"><img loading=\"lazy\" decoding=\"async\" width=\"82\" height=\"70\" src=\"https:\/\/www.banglearningframework.eu\/wp-content\/uploads\/agrinio_logo.png\" alt=\"\" class=\"wp-image-1131\"\/><\/figure>\n\n\n\n<h3 class=\"wp-block-heading\">5th Senior High School of Agrinio, Gr\u00e6kenland<\/h3>\n\n\n\n<p>Th <strong>5th Senior High School of Agrinio<\/strong> er en offentlig, levende uddannelsesinstitution, der l\u00e6gger v\u00e6gt p\u00e5 akademisk fremragende, teknologisk dygtighed, kulturel bevidsthed og milj\u00f8bevidsthed, og som tilbyder en alsidig uddannelse for sine elever.<\/p>\n\n\n\n<p class=\"has-small-font-size\">Med st\u00e6rk fokus p\u00e5 teknologi har skolen aktivt deltaget i teknologiprojekter relateret til uddannelsesrobotik og programmering. Den samarbejder med Hellenic Open University og tilbyder programmeringsklasser og kurser om mikrocontrollere som Arduino. Skolen deltager aktivt i Comenius- og Erasmus+projekter samt andre kulturelle og milj\u00f8m\u00e6ssige uddannelsesinitiativer.  <\/p>\n<\/div><\/div>\n","protected":false},"excerpt":{"rendered":"<p>M\u00f8d BANG!-teamet Som team bag udviklingen af dette projekt f\u00f8ler vi os utroligt heldige over at have haft muligheden for at tr\u00e6kke p\u00e5 vores forskellige perspektiver og baggrunde, hvilket har f\u00f8rt til meget innovativ t\u00e6nkning og en omfattende forst\u00e5else af udfordringer og muligheder inden for uddannelse og ungdomsudvikling \u2013 og hvordan vi kan skabe den [&hellip;]<\/p>\n","protected":false},"author":3,"featured_media":0,"parent":0,"menu_order":0,"comment_status":"closed","ping_status":"closed","template":"","meta":{"footnotes":""},"class_list":["post-1411","page","type-page","status-publish","hentry"],"_links":{"self":[{"href":"https:\/\/www.banglearningframework.eu\/da\/wp-json\/wp\/v2\/pages\/1411","targetHints":{"allow":["GET"]}}],"collection":[{"href":"https:\/\/www.banglearningframework.eu\/da\/wp-json\/wp\/v2\/pages"}],"about":[{"href":"https:\/\/www.banglearningframework.eu\/da\/wp-json\/wp\/v2\/types\/page"}],"author":[{"embeddable":true,"href":"https:\/\/www.banglearningframework.eu\/da\/wp-json\/wp\/v2\/users\/3"}],"replies":[{"embeddable":true,"href":"https:\/\/www.banglearningframework.eu\/da\/wp-json\/wp\/v2\/comments?post=1411"}],"version-history":[{"count":12,"href":"https:\/\/www.banglearningframework.eu\/da\/wp-json\/wp\/v2\/pages\/1411\/revisions"}],"predecessor-version":[{"id":1739,"href":"https:\/\/www.banglearningframework.eu\/da\/wp-json\/wp\/v2\/pages\/1411\/revisions\/1739"}],"wp:attachment":[{"href":"https:\/\/www.banglearningframework.eu\/da\/wp-json\/wp\/v2\/media?parent=1411"}],"curies":[{"name":"wp","href":"https:\/\/api.w.org\/{rel}","templated":true}]}}