{"id":1395,"date":"2023-07-10T10:08:55","date_gmt":"2023-07-10T10:08:55","guid":{"rendered":"https:\/\/www.banglearningframework.eu\/cookiepolitik\/"},"modified":"2024-01-22T11:27:38","modified_gmt":"2024-01-22T11:27:38","slug":"cookiepolitik","status":"publish","type":"page","link":"https:\/\/www.banglearningframework.eu\/da\/cookiepolitik\/","title":{"rendered":"Cookiepolitik"},"content":{"rendered":"\n<h3 class=\"wp-block-heading\">Cookiepolitik p\u00e5 BANG! Learning Frameworks (&#8220;BANG! Learning Framework&#8221;) hjemmeside <\/h3>\n\n<p>Hvordan BANG! Learning Framework-platformen h\u00e5ndterer brugernes cookies: BANG! Learning Framework tilbydes af Politecnico di Milano (&#8220;Polimi&#8221;); denne hjemmeside bruger kun tekniske cookies for at sikre den glatte funktion af platformen.  <\/p>\n\n<h4 class=\"wp-block-heading\">1. Form\u00e5l med brug af cookies<\/h4>\n\n<p>BANG! Learning Framework bruger cookies til analyse og for at forbedre din brugeroplevelse, g\u00f8re det nemmere at navigere i dens tjenester og sikre, at BANG! Learning Framework fungerer korrekt for dig.  <\/p>\n\n<h4 class=\"wp-block-heading\">2. Anvendte cookies<\/h4>\n\n<p>BANG! Learning Framework bruger to typer tekniske cookies: sessionscookies til godkendelse (administrationssiden) og cookies til indstilling af indholdssproget. <\/p>\n\n<h4 class=\"wp-block-heading\">3. Hjemmesider og tredjepartstjenester<\/h4>\n\n<p>BANG! Learning Framework kan indeholde links til eksterne sites, der har deres egen privatlivspolitik. Polimi er ikke ansvarlig for behandlingen af data, der udf\u00f8res af disse sites.  <\/p>\n\n<h4 class=\"wp-block-heading\">4. S\u00e5dan deaktiveres cookies<\/h4>\n\n<h5 class=\"wp-block-heading\">4.1 Deaktivering af alle cookies<\/h5>\n\n<p>Du kan, hvis du \u00f8nsker det, n\u00e6gte samtykke til placering af cookies ved at bruge cookie-administrationsv\u00e6rkt\u00f8jerne i din browser. Hvis du foretr\u00e6kker ikke at aktivere cookies, vil du stadig kunne navigere i BANG! Learning Framework.  <\/p>\n\n<p>Nedenst\u00e5ende links giver instruktioner om, hvordan du deaktiverer cookies i alle popul\u00e6re browsere (i tilf\u00e6lde af andre browsere, bedes du konsultere den tilsvarende hj\u00e6lpemenu).<\/p>\n\n<p><a href=\"https:\/\/support.microsoft.com\/en-us\/microsoft-edge\/delete-cookies-in-microsoft-edge-63947406-40ac-c3b8-57b9-2a946a29ae09\">MS Edge<\/a><\/p>\n\n<p><a href=\"https:\/\/support.microsoft.com\/en-us\/topic\/delete-and-manage-cookies-168dab11-0753-043d-7c16-ede5947fc64d\">Internet Explorer<\/a><\/p>\n\n<p><a href=\"https:\/\/support.google.com\/chrome\/answer\/95647?hl=en\">Google Chrome<\/a><\/p>\n\n<p><a href=\"https:\/\/support.mozilla.org\/en-US\/kb\/disable-third-party-cookies\">Mozilla Firefox<\/a><\/p>\n\n<p><a href=\"http:\/\/help.opera.com\/Windows\/10.00\/it\/cookies.html\">Opera<\/a><\/p>\n\n<p><a href=\"http:\/\/www.apple.com\/it\/privacy\/use-of-cookies\/\">Apple Safari<\/a><\/p>\n\n<h5 class=\"wp-block-heading\">4.2 Sletning af cookies allerede gemt p\u00e5 din enhed<\/h5>\n\n<p>Selvom du tr\u00e6kker dit samtykke tilbage til cookies, kan cookies v\u00e6re gemt p\u00e5 din enhed f\u00f8r din tilbagetr\u00e6kning. P\u00e5 grund af tekniske \u00e5rsager kan disse cookies ikke slettes, men du kan normalt slette cookies, der allerede er gemt p\u00e5 din enhed ved at bruge indstillingen &#8220;Ryd browserdata&#8221; i privatlivsindstillingerne i din browser. <\/p>\n","protected":false},"excerpt":{"rendered":"<p>Cookiepolitik p\u00e5 BANG! Learning Frameworks (&#8220;BANG! Learning Framework&#8221;) hjemmeside Hvordan BANG! Learning Framework-platformen h\u00e5ndterer brugernes cookies: BANG! Learning Framework tilbydes af Politecnico di Milano (&#8220;Polimi&#8221;); denne hjemmeside bruger kun tekniske cookies for at sikre den glatte funktion af platformen. 1. Form\u00e5l med brug af cookies BANG! Learning Framework bruger cookies til analyse og for at [&hellip;]<\/p>\n","protected":false},"author":3,"featured_media":0,"parent":0,"menu_order":0,"comment_status":"closed","ping_status":"closed","template":"","meta":{"footnotes":""},"class_list":["post-1395","page","type-page","status-publish","hentry"],"_links":{"self":[{"href":"https:\/\/www.banglearningframework.eu\/da\/wp-json\/wp\/v2\/pages\/1395","targetHints":{"allow":["GET"]}}],"collection":[{"href":"https:\/\/www.banglearningframework.eu\/da\/wp-json\/wp\/v2\/pages"}],"about":[{"href":"https:\/\/www.banglearningframework.eu\/da\/wp-json\/wp\/v2\/types\/page"}],"author":[{"embeddable":true,"href":"https:\/\/www.banglearningframework.eu\/da\/wp-json\/wp\/v2\/users\/3"}],"replies":[{"embeddable":true,"href":"https:\/\/www.banglearningframework.eu\/da\/wp-json\/wp\/v2\/comments?post=1395"}],"version-history":[{"count":11,"href":"https:\/\/www.banglearningframework.eu\/da\/wp-json\/wp\/v2\/pages\/1395\/revisions"}],"predecessor-version":[{"id":2195,"href":"https:\/\/www.banglearningframework.eu\/da\/wp-json\/wp\/v2\/pages\/1395\/revisions\/2195"}],"wp:attachment":[{"href":"https:\/\/www.banglearningframework.eu\/da\/wp-json\/wp\/v2\/media?parent=1395"}],"curies":[{"name":"wp","href":"https:\/\/api.w.org\/{rel}","templated":true}]}}